{"id":177,"date":"2025-11-25T09:59:01","date_gmt":"2025-11-25T09:59:01","guid":{"rendered":"https:\/\/dersimbesiktas62.fr\/?page_id=177"},"modified":"2026-05-07T12:22:24","modified_gmt":"2026-05-07T12:22:24","slug":"veille-technologique","status":"publish","type":"page","link":"https:\/\/dersimbesiktas62.fr\/?page_id=177","title":{"rendered":"Veille Technologique"},"content":{"rendered":"\n<p>Sujet :Comment l&rsquo;intelligence artificielle peut faire \u00e9voluer la cybers\u00e9curit\u00e9 face aux ransomwares dans les infrastructures informatiques?<\/p>\n\n\n\n<p>Mode de mise en veille<\/p>\n\n\n\n<p>R\u00e9sultat de la veille<\/p>\n\n\n\n<p><a href=\"https:\/\/wakelet.com\/wake\/XZgDAa-MgK9KfU1nAfeSX\">https:\/\/wakelet.com\/wake\/XZgDAa-MgK9KfU1nAfeSX<\/a><\/p>\n\n\n\n<p><\/p>\n","protected":false},"excerpt":{"rendered":"<p>Sujet :Comment l&rsquo;intelligence artificielle peut faire \u00e9voluer la cybers\u00e9curit\u00e9 face aux ransomwares dans les infrastructures informatiques? Mode de mise en veille R\u00e9sultat de la veille https:\/\/wakelet.com\/wake\/XZgDAa-MgK9KfU1nAfeSX<\/p>\n","protected":false},"author":1,"featured_media":0,"parent":0,"menu_order":0,"comment_status":"closed","ping_status":"closed","template":"","meta":{"footnotes":""},"class_list":["post-177","page","type-page","status-publish","hentry"],"_links":{"self":[{"href":"https:\/\/dersimbesiktas62.fr\/index.php?rest_route=\/wp\/v2\/pages\/177","targetHints":{"allow":["GET"]}}],"collection":[{"href":"https:\/\/dersimbesiktas62.fr\/index.php?rest_route=\/wp\/v2\/pages"}],"about":[{"href":"https:\/\/dersimbesiktas62.fr\/index.php?rest_route=\/wp\/v2\/types\/page"}],"author":[{"embeddable":true,"href":"https:\/\/dersimbesiktas62.fr\/index.php?rest_route=\/wp\/v2\/users\/1"}],"replies":[{"embeddable":true,"href":"https:\/\/dersimbesiktas62.fr\/index.php?rest_route=%2Fwp%2Fv2%2Fcomments&post=177"}],"version-history":[{"count":3,"href":"https:\/\/dersimbesiktas62.fr\/index.php?rest_route=\/wp\/v2\/pages\/177\/revisions"}],"predecessor-version":[{"id":465,"href":"https:\/\/dersimbesiktas62.fr\/index.php?rest_route=\/wp\/v2\/pages\/177\/revisions\/465"}],"wp:attachment":[{"href":"https:\/\/dersimbesiktas62.fr\/index.php?rest_route=%2Fwp%2Fv2%2Fmedia&parent=177"}],"curies":[{"name":"wp","href":"https:\/\/api.w.org\/{rel}","templated":true}]}}