{"id":274,"date":"2025-12-02T09:19:26","date_gmt":"2025-12-02T09:19:26","guid":{"rendered":"https:\/\/dersimbesiktas62.fr\/?page_id=274"},"modified":"2026-05-07T11:24:58","modified_gmt":"2026-05-07T11:24:58","slug":"1ere-annee","status":"publish","type":"page","link":"https:\/\/dersimbesiktas62.fr\/?page_id=274","title":{"rendered":"1ere ann\u00e9e"},"content":{"rendered":"\n<figure class=\"wp-block-table\"><table class=\"has-fixed-layout\"><tbody><tr><td>Entreprise d\u00e9march\u00e9e<\/td><td>Date de d\u00e9marchage<\/td><td>R\u00e9ponse<\/td><\/tr><tr><td>Mairie Draguignan<br><br>Sylkane<br><br>Group Vital<\/td><td>01\/14\/2026<br><br>01\/26\/2026<br><br>02\/17\/2026<\/td><td>N\u00e9gative<br><br>N\u00e9gative<br><br>Positive<\/td><\/tr><\/tbody><\/table><\/figure>\n\n\n\n<p><\/p>\n","protected":false},"excerpt":{"rendered":"<p>Entreprise d\u00e9march\u00e9e Date de d\u00e9marchage R\u00e9ponse Mairie Draguignan Sylkane Group Vital 01\/14\/2026 01\/26\/2026 02\/17\/2026 N\u00e9gative N\u00e9gative Positive<\/p>\n","protected":false},"author":1,"featured_media":0,"parent":0,"menu_order":0,"comment_status":"closed","ping_status":"closed","template":"","meta":{"footnotes":""},"class_list":["post-274","page","type-page","status-publish","hentry"],"_links":{"self":[{"href":"https:\/\/dersimbesiktas62.fr\/index.php?rest_route=\/wp\/v2\/pages\/274","targetHints":{"allow":["GET"]}}],"collection":[{"href":"https:\/\/dersimbesiktas62.fr\/index.php?rest_route=\/wp\/v2\/pages"}],"about":[{"href":"https:\/\/dersimbesiktas62.fr\/index.php?rest_route=\/wp\/v2\/types\/page"}],"author":[{"embeddable":true,"href":"https:\/\/dersimbesiktas62.fr\/index.php?rest_route=\/wp\/v2\/users\/1"}],"replies":[{"embeddable":true,"href":"https:\/\/dersimbesiktas62.fr\/index.php?rest_route=%2Fwp%2Fv2%2Fcomments&post=274"}],"version-history":[{"count":5,"href":"https:\/\/dersimbesiktas62.fr\/index.php?rest_route=\/wp\/v2\/pages\/274\/revisions"}],"predecessor-version":[{"id":390,"href":"https:\/\/dersimbesiktas62.fr\/index.php?rest_route=\/wp\/v2\/pages\/274\/revisions\/390"}],"wp:attachment":[{"href":"https:\/\/dersimbesiktas62.fr\/index.php?rest_route=%2Fwp%2Fv2%2Fmedia&parent=274"}],"curies":[{"name":"wp","href":"https:\/\/api.w.org\/{rel}","templated":true}]}}